{"id":1632,"date":"2021-04-23T08:50:14","date_gmt":"2021-04-23T08:50:14","guid":{"rendered":"https:\/\/stradaecorsa.com\/wartung\/"},"modified":"2025-10-08T20:16:11","modified_gmt":"2025-10-08T20:16:11","slug":"wartung","status":"publish","type":"page","link":"https:\/\/stradaecorsa.com\/de\/wartung\/","title":{"rendered":"Wartung"},"content":{"rendered":"<section class=\"wpb-content-wrapper\">[vc_row thb_divider_position=&#8220;bottom&#8220; el_class=&#8220;align-center&#8220;][vc_column offset=&#8220;vc_col-lg-7 vc_col-md-9&#8243;][vc_empty_space height=&#8220;60px&#8220;][vc_column_text]\n<h1>Wartung klassischer Alfa Romeo, Lancia &amp; italienischer Autos<\/h1>\n[\/vc_column_text][vc_column_text]Ihr klassischer Alfa Romeo, Lancia oder italienischer Sportwagen verdient erstklassige Pflege. Bei Strada e Corsa in Haarlem sind wir engagierte Spezialisten f\u00fcr die Wartung der legend\u00e4rsten Klassiker auf der Stra\u00dfe. Mit jahrzehntelanger Erfahrung und einem weltweiten Ruf f\u00fcr Handwerkskunst sorgen wir daf\u00fcr, dass Ihr Auto zuverl\u00e4ssig l\u00e4uft, seinen Wert beh\u00e4lt und seinen urspr\u00fcnglichen Charakter bewahrt. Von routinem\u00e4\u00dfiger Wartung und Feinabstimmung bis hin zu kompletten \u00dcberholungen ist Ihr Klassiker bei uns immer in Expertenh\u00e4nden.[\/vc_column_text][vc_empty_space height=&#8220;20px&#8220;][vc_row_inner css=&#8220;.vc_custom_1757590107828{padding-top: 4% !important;padding-right: 4% !important;padding-bottom: 4% !important;padding-left: 4% !important;background-color: #f0f2f6 !important;}&#8220; el_id=&#8220;appointment&#8220;][vc_column_inner][vc_column_text]\n<h2><strong>Planen Sie Ihre Wartung bei Strada e Corsa<\/strong><\/h2>\n[\/vc_column_text][vc_column_text]M\u00f6chten Sie Ihren klassischen Alfa Romeo oder Lancia in Topform halten? Kontaktieren Sie uns noch heute und erleben Sie den Unterschied einer spezialisierten Wartung italienischer Autos. Rufen Sie uns an: +<a href=\"Tel: 0031-(0)23-5420009\">31-(0)23-5420009<\/a> oder f\u00fcllen Sie das Formular aus.[\/vc_column_text][vc_column_text]<div class=\"frm_forms \" id=\"frm_form_4_container\" >\n<form enctype=\"multipart\/form-data\" method=\"post\" class=\"frm-show-form \" id=\"form_wartung-planen\" >\n<div class=\"frm_form_fields \">\n<fieldset>\n<legend class=\"frm_screen_reader\">Wartung planen<\/legend>\r\n\r\n<div class=\"frm_fields_container\">\n<input type=\"hidden\" name=\"frm_action\" value=\"create\" \/>\n<input type=\"hidden\" name=\"form_id\" value=\"4\" \/>\n<input type=\"hidden\" name=\"frm_hide_fields_4\" id=\"frm_hide_fields_4\" value=\"\" \/>\n<input type=\"hidden\" name=\"form_key\" value=\"wartung-planen\" \/>\n<input type=\"hidden\" name=\"item_meta[0]\" value=\"\" \/>\n<input type=\"hidden\" id=\"frm_submit_entry_4\" name=\"frm_submit_entry_4\" value=\"4f80654d74\" \/><input type=\"hidden\" name=\"_wp_http_referer\" value=\"\/de\/wp-json\/wp\/v2\/pages\/1632\" \/><div id=\"frm_field_30_container\" class=\"frm_form_field form-field  frm_required_field frm_top_container frm_full frm_grid\">\r\n    <label for=\"field_qh4icy32\" id=\"field_qh4icy32_label\" class=\"frm_primary_label\">Name\r\n        <span class=\"frm_required\" aria-hidden=\"true\">*<\/span>\r\n    <\/label>\r\n    <input type=\"text\" id=\"field_qh4icy32\" name=\"item_meta[30]\" value=\"\"  data-reqmsg=\"Dit veld mag niet leeg zijn.\" aria-required=\"true\" data-invmsg=\"Name is ongeldig\" aria-invalid=\"false\"  \/>\r\n    \r\n    \r\n<br>\r\n<\/div>\n<div id=\"frm_field_31_container\" class=\"frm_form_field form-field  frm_required_field frm_top_container frm_grid frm_full\">\r\n    <label for=\"field_29yf4d32\" id=\"field_29yf4d32_label\" class=\"frm_primary_label\">E-Mail\r\n        <span class=\"frm_required\" aria-hidden=\"true\">*<\/span>\r\n    <\/label>\r\n    <input type=\"email\" id=\"field_29yf4d32\" name=\"item_meta[31]\" value=\"\"  data-reqmsg=\"Dit veld mag niet leeg zijn.\" aria-required=\"true\" data-invmsg=\"Please enter a valid email address\" aria-invalid=\"false\"  \/>\r\n    \r\n    \r\n<br>\r\n<\/div>\n<div id=\"frm_field_32_container\" class=\"frm_form_field form-field  frm_required_field frm_top_container frm_grid frm_full\">\r\n    <label for=\"field_3gil532\" id=\"field_3gil532_label\" class=\"frm_primary_label\">Telefonnummer\r\n        <span class=\"frm_required\" aria-hidden=\"true\">*<\/span>\r\n    <\/label>\r\n    <input type=\"tel\" id=\"field_3gil532\" name=\"item_meta[32]\" value=\"\"  data-reqmsg=\"Dit veld mag niet leeg zijn.\" aria-required=\"true\" data-invmsg=\"Phone is ongeldig\" aria-invalid=\"false\" pattern=\"((\\+\\d{1,3}(-|.| )?\\(?\\d\\)?(-| |.)?\\d{1,5})|(\\(?\\d{2,6}\\)?))(-|.| )?(\\d{3,4})(-|.| )?(\\d{4})(( x| ext)\\d{1,5}){0,1}$\"  \/>\r\n    \r\n    \r\n<br>\r\n<\/div>\n<div id=\"frm_field_33_container\" class=\"frm_form_field form-field  frm_required_field frm_top_container frm_grid frm_full\">\r\n\t<label for=\"field_wqviq3\" id=\"field_wqviq3_label\" class=\"frm_primary_label\">Kennzeichen\r\n\t\t<span class=\"frm_required\" aria-hidden=\"true\">*<\/span>\r\n\t<\/label>\r\n\t<input type=\"text\" id=\"field_wqviq3\" name=\"item_meta[33]\" value=\"\"  data-reqmsg=\"Dit veld mag niet leeg zijn.\" aria-required=\"true\" data-invmsg=\"Kennzeichen is ongeldig\" aria-invalid=\"false\"  \/>\r\n\t\r\n\t\r\n<\/div>\n<div id=\"frm_field_34_container\" class=\"frm_form_field form-field  frm_required_field frm_top_container frm_grid frm_full\">\r\n\t<label for=\"field_yj4ei3\" id=\"field_yj4ei3_label\" class=\"frm_primary_label\">Marke, Typ & Baujahr\r\n\t\t<span class=\"frm_required\" aria-hidden=\"true\">*<\/span>\r\n\t<\/label>\r\n\t<input type=\"text\" id=\"field_yj4ei3\" name=\"item_meta[34]\" value=\"\"  data-reqmsg=\"Dit veld mag niet leeg zijn.\" aria-required=\"true\" data-invmsg=\"Marke, Typ &amp; Baujahr is ongeldig\" aria-invalid=\"false\"  \/>\r\n\t\r\n\t\r\n<\/div>\n<div id=\"frm_field_35_container\" class=\"frm_form_field form-field  frm_top_container frm_grid frm_full\">\r\n    <label for=\"field_9jv0r132\" id=\"field_9jv0r132_label\" class=\"frm_primary_label\">Nachricht\r\n        <span class=\"frm_required\" aria-hidden=\"true\"><\/span>\r\n    <\/label>\r\n    <textarea name=\"item_meta[35]\" id=\"field_9jv0r132\" rows=\"5\"  data-invmsg=\"Nachricht ist ung\u00fcltig\" aria-invalid=\"false\"  ><\/textarea>\r\n    \r\n    \r\n<br>\r\n<\/div>\n<div id=\"frm_field_36_container\" class=\"frm_form_field form-field  frm_none_container\">\r\n    <label for=\"g-recaptcha-response\" id=\"field_f3yt032_label\" class=\"frm_primary_label\">Captcha\r\n        <span class=\"frm_required\" aria-hidden=\"true\"><\/span>\r\n    <\/label>\r\n    <div  id=\"field_f3yt032\" class=\"frm-g-recaptcha\" data-sitekey=\"6LdoFFkcAAAAAPwce2a5_aWYmh5NLqCaRzlMQlqp\" data-size=\"invisible\" data-theme=\"light\"><\/div>\r\n    \r\n    \r\n<\/div>\n<div id=\"frm_field_37_container\" class=\"frm_form_field  frm_html_container form-field\"><\/div>\n<div id=\"frm_field_38_container\" class=\"frm_form_field form-field \">\r\n\t<div class=\"frm_submit\">\r\n\r\n<button class=\"frm_button_submit\" type=\"submit\"  style=\"border: 1px solid #000000; padding: 5px 10px 5px 10px;\" >Wartung planen<\/button>\r\n\r\n<\/div>\r\n<\/div>\n\t<input type=\"hidden\" name=\"item_key\" value=\"\" \/>\n\t\t\t<div id=\"frm_field_51_container\">\n\t\t\t<label for=\"field_nbrur\" >\n\t\t\t\tFalls Du menschlich bist, lasse dieses Feld leer.\t\t\t<\/label>\n\t\t\t<input  id=\"field_nbrur\" type=\"text\" class=\"frm_form_field form-field frm_verify\" name=\"item_meta[51]\" value=\"\"  \/>\n\t\t<\/div>\n\t\t<input name=\"frm_state\" type=\"hidden\" value=\"+najbItKfQHj9J4kyQAM8ZKnpCpuhiy3lVqg6S8tXVg=\" \/><\/div>\n<\/fieldset>\n<\/div>\n\n<\/form>\n<\/div>\n[\/vc_column_text][vc_empty_space height=&#8220;40px&#8220;][\/vc_column_inner][\/vc_row_inner][vc_empty_space height=&#8220;20px&#8220;][vc_row_inner][vc_column_inner width=&#8220;1\/3&#8243;][vc_single_image image=&#8220;1635&#8243; img_size=&#8220;full&#8220;][\/vc_column_inner][vc_column_inner width=&#8220;1\/3&#8243;][vc_single_image image=&#8220;1634&#8243; img_size=&#8220;full&#8220;][\/vc_column_inner][vc_column_inner width=&#8220;1\/3&#8243;][vc_single_image image=&#8220;1636&#8243; img_size=&#8220;full&#8220;][\/vc_column_inner][\/vc_row_inner][vc_column_text]\n<h2><strong>Warum spezialisierte Wartung wichtig ist <\/strong><\/h2>\n[\/vc_column_text][vc_column_text]Die Wartung eines Oldtimers erfordert mehr als einen Standardservice. Originalteile, fundierte Kenntnisse der italienischen Ingenieurskunst und eine Leidenschaft f\u00fcr Details sind unerl\u00e4sslich, um Ihren Alfa Romeo oder Lancia in Top-Zustand zu halten. Strada e Corsa kombiniert un\u00fcbertroffene Expertise mit einem globalen Ruf f\u00fcr die Restaurierung und Wartung italienischer Klassiker.[\/vc_column_text][vc_column_text]\n<h2><strong>Unsere Dienstleistungen <\/strong><\/h2>\n[\/vc_column_text][vc_row_inner][vc_column_inner width=&#8220;1\/3&#8243; css=&#8220;.vc_custom_1757590431942{padding-top: 4% !important;padding-right: 4% !important;padding-left: 4% !important;background-color: #fae9f5 !important;}&#8220;][vc_column_text]\n<h3><strong>Wartung klassischer Alfa Romeo<\/strong><\/h3>\n[\/vc_column_text][vc_column_text]Von der Giulia bis zum Spider bieten wir spezialisierte Wartungsdienste, die Ihren Alfa zuverl\u00e4ssig, authentisch und fahrbereit halten.[\/vc_column_text][\/vc_column_inner][vc_column_inner width=&#8220;1\/3&#8243; css=&#8220;.vc_custom_1757590444197{padding-top: 4% !important;padding-right: 4% !important;padding-left: 4% !important;background-color: #fae9f5 !important;}&#8220;][vc_column_text]\n<h3><strong>Wartung klassischer Lancia<\/strong><\/h3>\n[\/vc_column_text][vc_column_text]Die Ingenieurskunst von Lancia erfordert Pr\u00e4zision und Leidenschaft. Von Fulvia bis Aurelia wei\u00df unser Team, wie man sowohl die Mechanik als auch die Seele Ihres Lancia bewahrt.[\/vc_column_text][\/vc_column_inner][vc_column_inner width=&#8220;1\/3&#8243; css=&#8220;.vc_custom_1757590459745{padding-top: 4% !important;padding-right: 4% !important;padding-left: 4% !important;background-color: #fae9f5 !important;}&#8220;][vc_column_text]\n<h3><strong>Wartung italienischer Klassiker<\/strong><\/h3>\n[\/vc_column_text][vc_column_text]Neben Alfa und Lancia warten wir auch Ferrari-, Maserati- und Fiat-Klassiker \u2013 immer mit der gleichen Hingabe und dem gleichen Auge f\u00fcrs Detail.[\/vc_column_text][\/vc_column_inner][\/vc_row_inner][vc_empty_space height=&#8220;40px&#8220;][vc_column_text]\n<h2><strong>Warum Strada e Corsa w\u00e4hlen? <\/strong><\/h2>\n[\/vc_column_text][vc_column_text]\n<ul>\n<li>Weltbekannter italienischer Oldtimer-Spezialist<\/li>\n<li>Mit Sitz in Haarlem, leicht erreichbar in den Niederlanden<\/li>\n<li>Transportservice in den gesamten Niederlanden, wir holen Ihr Auto ab und liefern es.<\/li>\n<li>Team von echten Enthusiasten und erfahrenen Handwerkern<\/li>\n<li>Zugang zu Originalteilen und kundenspezifischen L\u00f6sungen<\/li>\n<li>Wartung mit Fokus auf Wert, Originalit\u00e4t und Fahrspa\u00df<\/li>\n<\/ul>\n[\/vc_column_text][vc_empty_space height=&#8220;40px&#8220;][vc_row_inner el_class=&#8220;text-center&#8220; css=&#8220;.vc_custom_1757585943144{padding-right: 20% !important;padding-left: 20% !important;}&#8220;][vc_column_inner width=&#8220;1\/2&#8243;]\t<a class=\"btn      regular\" href=\"#appointment\" target=\"_self\" role=\"button\" title=\"Book Maintenance\"><span>Book Maintenance<\/span><\/a>\n\n\t[\/vc_column_inner][vc_column_inner width=&#8220;1\/2&#8243;][vc_empty_space height=&#8220;5px&#8220;][vc_column_text]<strong>oder rufen Sie an: +<a href=\"Tel: 0031-(0)23-5420009\">31-(0)23-5420009<\/a><\/strong>[\/vc_column_text][\/vc_column_inner][\/vc_row_inner][vc_row_inner][vc_column_inner][\/vc_column_inner][\/vc_row_inner][\/vc_column][\/vc_row]\n<\/section>","protected":false},"excerpt":{"rendered":"<p>[vc_row thb_divider_position=&#8220;bottom&#8220; el_class=&#8220;align-center&#8220;][vc_column offset=&#8220;vc_col-lg-7 vc_col-md-9&#8243;][vc_empty_space height=&#8220;60px&#8220;][vc_column_text] Wartung klassischer Alfa Romeo, Lancia &amp; italienischer Autos [\/vc_column_text][vc_column_text]Ihr klassischer Alfa Romeo, Lancia oder italienischer Sportwagen verdient erstklassige Pflege. Bei Strada e Corsa in Haarlem sind wir engagierte Spezialisten f\u00fcr die Wartung der legend\u00e4rsten Klassiker auf der Stra\u00dfe. Mit jahrzehntelanger Erfahrung und einem weltweiten Ruf f\u00fcr Handwerkskunst sorgen wir&hellip;<\/p>\n","protected":false},"author":1,"featured_media":0,"parent":0,"menu_order":0,"comment_status":"closed","ping_status":"closed","template":"","meta":{"footnotes":""},"class_list":["post-1632","page","type-page","status-publish","hentry"],"yoast_head":"<!-- This site is optimized with the Yoast SEO plugin v26.7 - https:\/\/yoast.com\/wordpress\/plugins\/seo\/ -->\n<title>Wartung - Strada e Corsa<\/title>\n<meta name=\"robots\" content=\"index, follow, max-snippet:-1, max-image-preview:large, max-video-preview:-1\" \/>\n<link rel=\"canonical\" href=\"https:\/\/stradaecorsa.com\/de\/wartung\/\" \/>\n<meta property=\"og:locale\" content=\"de_DE\" \/>\n<meta property=\"og:type\" content=\"article\" \/>\n<meta property=\"og:title\" content=\"Wartung - Strada e Corsa\" \/>\n<meta property=\"og:description\" content=\"[vc_row thb_divider_position=&#8220;bottom&#8220; el_class=&#8220;align-center&#8220;][vc_column offset=&#8220;vc_col-lg-7 vc_col-md-9&#8243;][vc_empty_space height=&#8220;60px&#8220;][vc_column_text] Wartung klassischer Alfa Romeo, Lancia &amp; italienischer Autos [\/vc_column_text][vc_column_text]Ihr klassischer Alfa Romeo, Lancia oder italienischer Sportwagen verdient erstklassige Pflege. Bei Strada e Corsa in Haarlem sind wir engagierte Spezialisten f\u00fcr die Wartung der legend\u00e4rsten Klassiker auf der Stra\u00dfe. Mit jahrzehntelanger Erfahrung und einem weltweiten Ruf f\u00fcr Handwerkskunst sorgen wir&hellip;\" \/>\n<meta property=\"og:url\" content=\"https:\/\/stradaecorsa.com\/de\/wartung\/\" \/>\n<meta property=\"og:site_name\" content=\"Strada e Corsa\" \/>\n<meta property=\"article:publisher\" content=\"https:\/\/www.facebook.com\/StradaeCorsa1\" \/>\n<meta property=\"article:modified_time\" content=\"2025-10-08T20:16:11+00:00\" \/>\n<meta name=\"twitter:card\" content=\"summary_large_image\" \/>\n<meta name=\"twitter:label1\" content=\"Gesch\u00e4tzte Lesezeit\" \/>\n\t<meta name=\"twitter:data1\" content=\"3\u00a0Minuten\" \/>\n<script type=\"application\/ld+json\" class=\"yoast-schema-graph\">{\"@context\":\"https:\/\/schema.org\",\"@graph\":[{\"@type\":\"WebPage\",\"@id\":\"https:\/\/stradaecorsa.com\/de\/wartung\/\",\"url\":\"https:\/\/stradaecorsa.com\/de\/wartung\/\",\"name\":\"Wartung - Strada e Corsa\",\"isPartOf\":{\"@id\":\"https:\/\/stradaecorsa.com\/de\/#website\"},\"datePublished\":\"2021-04-23T08:50:14+00:00\",\"dateModified\":\"2025-10-08T20:16:11+00:00\",\"breadcrumb\":{\"@id\":\"https:\/\/stradaecorsa.com\/de\/wartung\/#breadcrumb\"},\"inLanguage\":\"de\",\"potentialAction\":[{\"@type\":\"ReadAction\",\"target\":[\"https:\/\/stradaecorsa.com\/de\/wartung\/\"]}]},{\"@type\":\"BreadcrumbList\",\"@id\":\"https:\/\/stradaecorsa.com\/de\/wartung\/#breadcrumb\",\"itemListElement\":[{\"@type\":\"ListItem\",\"position\":1,\"name\":\"Home\",\"item\":\"https:\/\/stradaecorsa.com\/de\/\"},{\"@type\":\"ListItem\",\"position\":2,\"name\":\"Wartung\"}]},{\"@type\":\"WebSite\",\"@id\":\"https:\/\/stradaecorsa.com\/de\/#website\",\"url\":\"https:\/\/stradaecorsa.com\/de\/\",\"name\":\"Strada e Corsa\",\"description\":\"Maintenance, restoration of classic Italian cars\",\"publisher\":{\"@id\":\"https:\/\/stradaecorsa.com\/de\/#organization\"},\"potentialAction\":[{\"@type\":\"SearchAction\",\"target\":{\"@type\":\"EntryPoint\",\"urlTemplate\":\"https:\/\/stradaecorsa.com\/de\/?s={search_term_string}\"},\"query-input\":{\"@type\":\"PropertyValueSpecification\",\"valueRequired\":true,\"valueName\":\"search_term_string\"}}],\"inLanguage\":\"de\"},{\"@type\":\"Organization\",\"@id\":\"https:\/\/stradaecorsa.com\/de\/#organization\",\"name\":\"Strada e Corsa\",\"url\":\"https:\/\/stradaecorsa.com\/de\/\",\"logo\":{\"@type\":\"ImageObject\",\"inLanguage\":\"de\",\"@id\":\"https:\/\/stradaecorsa.com\/de\/#\/schema\/logo\/image\/\",\"url\":\"https:\/\/stradaecorsa.com\/wp-content\/uploads\/2021\/02\/Strada-e-corsa-logo-zwart.png\",\"contentUrl\":\"https:\/\/stradaecorsa.com\/wp-content\/uploads\/2021\/02\/Strada-e-corsa-logo-zwart.png\",\"width\":500,\"height\":33,\"caption\":\"Strada e Corsa\"},\"image\":{\"@id\":\"https:\/\/stradaecorsa.com\/de\/#\/schema\/logo\/image\/\"},\"sameAs\":[\"https:\/\/www.facebook.com\/StradaeCorsa1\",\"https:\/\/www.instagram.com\/strada_e_corsa\/\"]}]}<\/script>\n<!-- \/ Yoast SEO plugin. -->","yoast_head_json":{"title":"Wartung - Strada e Corsa","robots":{"index":"index","follow":"follow","max-snippet":"max-snippet:-1","max-image-preview":"max-image-preview:large","max-video-preview":"max-video-preview:-1"},"canonical":"https:\/\/stradaecorsa.com\/de\/wartung\/","og_locale":"de_DE","og_type":"article","og_title":"Wartung - Strada e Corsa","og_description":"[vc_row thb_divider_position=&#8220;bottom&#8220; el_class=&#8220;align-center&#8220;][vc_column offset=&#8220;vc_col-lg-7 vc_col-md-9&#8243;][vc_empty_space height=&#8220;60px&#8220;][vc_column_text] Wartung klassischer Alfa Romeo, Lancia &amp; italienischer Autos [\/vc_column_text][vc_column_text]Ihr klassischer Alfa Romeo, Lancia oder italienischer Sportwagen verdient erstklassige Pflege. Bei Strada e Corsa in Haarlem sind wir engagierte Spezialisten f\u00fcr die Wartung der legend\u00e4rsten Klassiker auf der Stra\u00dfe. Mit jahrzehntelanger Erfahrung und einem weltweiten Ruf f\u00fcr Handwerkskunst sorgen wir&hellip;","og_url":"https:\/\/stradaecorsa.com\/de\/wartung\/","og_site_name":"Strada e Corsa","article_publisher":"https:\/\/www.facebook.com\/StradaeCorsa1","article_modified_time":"2025-10-08T20:16:11+00:00","twitter_card":"summary_large_image","twitter_misc":{"Gesch\u00e4tzte Lesezeit":"3\u00a0Minuten"},"schema":{"@context":"https:\/\/schema.org","@graph":[{"@type":"WebPage","@id":"https:\/\/stradaecorsa.com\/de\/wartung\/","url":"https:\/\/stradaecorsa.com\/de\/wartung\/","name":"Wartung - Strada e Corsa","isPartOf":{"@id":"https:\/\/stradaecorsa.com\/de\/#website"},"datePublished":"2021-04-23T08:50:14+00:00","dateModified":"2025-10-08T20:16:11+00:00","breadcrumb":{"@id":"https:\/\/stradaecorsa.com\/de\/wartung\/#breadcrumb"},"inLanguage":"de","potentialAction":[{"@type":"ReadAction","target":["https:\/\/stradaecorsa.com\/de\/wartung\/"]}]},{"@type":"BreadcrumbList","@id":"https:\/\/stradaecorsa.com\/de\/wartung\/#breadcrumb","itemListElement":[{"@type":"ListItem","position":1,"name":"Home","item":"https:\/\/stradaecorsa.com\/de\/"},{"@type":"ListItem","position":2,"name":"Wartung"}]},{"@type":"WebSite","@id":"https:\/\/stradaecorsa.com\/de\/#website","url":"https:\/\/stradaecorsa.com\/de\/","name":"Strada e Corsa","description":"Maintenance, restoration of classic Italian cars","publisher":{"@id":"https:\/\/stradaecorsa.com\/de\/#organization"},"potentialAction":[{"@type":"SearchAction","target":{"@type":"EntryPoint","urlTemplate":"https:\/\/stradaecorsa.com\/de\/?s={search_term_string}"},"query-input":{"@type":"PropertyValueSpecification","valueRequired":true,"valueName":"search_term_string"}}],"inLanguage":"de"},{"@type":"Organization","@id":"https:\/\/stradaecorsa.com\/de\/#organization","name":"Strada e Corsa","url":"https:\/\/stradaecorsa.com\/de\/","logo":{"@type":"ImageObject","inLanguage":"de","@id":"https:\/\/stradaecorsa.com\/de\/#\/schema\/logo\/image\/","url":"https:\/\/stradaecorsa.com\/wp-content\/uploads\/2021\/02\/Strada-e-corsa-logo-zwart.png","contentUrl":"https:\/\/stradaecorsa.com\/wp-content\/uploads\/2021\/02\/Strada-e-corsa-logo-zwart.png","width":500,"height":33,"caption":"Strada e Corsa"},"image":{"@id":"https:\/\/stradaecorsa.com\/de\/#\/schema\/logo\/image\/"},"sameAs":["https:\/\/www.facebook.com\/StradaeCorsa1","https:\/\/www.instagram.com\/strada_e_corsa\/"]}]}},"_links":{"self":[{"href":"https:\/\/stradaecorsa.com\/de\/wp-json\/wp\/v2\/pages\/1632","targetHints":{"allow":["GET"]}}],"collection":[{"href":"https:\/\/stradaecorsa.com\/de\/wp-json\/wp\/v2\/pages"}],"about":[{"href":"https:\/\/stradaecorsa.com\/de\/wp-json\/wp\/v2\/types\/page"}],"author":[{"embeddable":true,"href":"https:\/\/stradaecorsa.com\/de\/wp-json\/wp\/v2\/users\/1"}],"replies":[{"embeddable":true,"href":"https:\/\/stradaecorsa.com\/de\/wp-json\/wp\/v2\/comments?post=1632"}],"version-history":[{"count":29,"href":"https:\/\/stradaecorsa.com\/de\/wp-json\/wp\/v2\/pages\/1632\/revisions"}],"predecessor-version":[{"id":3012,"href":"https:\/\/stradaecorsa.com\/de\/wp-json\/wp\/v2\/pages\/1632\/revisions\/3012"}],"wp:attachment":[{"href":"https:\/\/stradaecorsa.com\/de\/wp-json\/wp\/v2\/media?parent=1632"}],"curies":[{"name":"wp","href":"https:\/\/api.w.org\/{rel}","templated":true}]}}