{"id":1678,"date":"2021-02-11T16:38:58","date_gmt":"2021-02-11T16:38:58","guid":{"rendered":"https:\/\/stradaecorsa.com\/konstruktion\/"},"modified":"2025-09-22T20:43:21","modified_gmt":"2025-09-22T20:43:21","slug":"reproduktion","status":"publish","type":"page","link":"https:\/\/stradaecorsa.com\/de\/reproduktion\/","title":{"rendered":"Reproduktion"},"content":{"rendered":"<section class=\"wpb-content-wrapper\">[vc_row thb_divider_position=&#8220;bottom&#8220; el_class=&#8220;align-center&#8220; css=&#8220;.vc_custom_1619623749184{margin-top: 20px !important;}&#8220;][vc_column offset=&#8220;vc_col-lg-7 vc_col-md-9&#8243;][vc_column_text]\n<h1>Reproduktion<\/h1>\n[\/vc_column_text][vc_column_text]Konstruktion ist zweifellos einer der wichtigsten Aspekte bei der Restaurierung von Sammlerautos. Originalteile, die nicht mehr erh\u00e4ltlich sind oder aus Gr\u00fcnden der Originalit\u00e4t erhalten werden m\u00fcssen, werden intern und in Zusammenarbeit mit unseren Partnern konstruiert und reproduziert, die sich auf Prozesse wie 3D-Scannen, CAD\/CAM, Gie\u00dfen und Fr\u00e4sen spezialisiert haben. Dies erm\u00f6glicht es Strada e Corsa, nicht nur Teile, sondern auch ganze mechanische Komponenten neu herzustellen, die vom Original nicht zu unterscheiden sind, und gleichzeitig eine bessere Leistung und erh\u00f6hte Zuverl\u00e4ssigkeit aufgrund moderner Fertigungstechnologien und verbesserter Materialien zu bieten.[\/vc_column_text][vc_single_image image=&#8220;1681&#8243; img_size=&#8220;full&#8220;][vc_column_text]\n<h2>Verschlissene oder defekte Teile<\/h2>\n[\/vc_column_text][vc_column_text]Durch den Versand eines verschlissenen oder defekten Teils an Strada e Corsa kann das technische Team das Problem analysieren, eine Reparatur anbieten oder an einer dauerhaften L\u00f6sung im Falle von inh\u00e4renten Fehlern arbeiten. Wir k\u00f6nnen auch fehlende Teile, die nicht mehr erh\u00e4ltlich sind, neu erstellen. Dies erm\u00f6glicht es den Kunden, die Originalit\u00e4t ihres Autos zu erhalten und gleichzeitig die Vorteile des technischen Fortschritts zu nutzen.<\/p>\n<p>Diese Dienstleistungen sind vorwiegend f\u00fcr italienische Oldtimer verf\u00fcgbar, wie die Ferrari 166, 212 und 250 GT Reihe, Lancia Aurelia B20 und B24, Alfa Romeo 1900C, AlfaGiulietta Sprint Veloce und Zagato, 1300 und 1600 GTA, TI Super und TZ.<\/p>\n<p>Wir sind auch auf den Fiat 8V und die verwandten SIATA 8V Modelle spezialisiert, was zur Entwicklung einer Reihe von Teilen wie Wasserpumpen, Zylinderk\u00f6pfen, aber auch Vier- und F\u00fcnfganggetrieben und kompletten Differentialeinheiten mit Sperrdifferentialen gef\u00fchrt hat. An diesem Punkt k\u00f6nnen wir im Grunde jede mechanische Komponente f\u00fcr die verschiedenen Otto Vu Modelle anbieten.[\/vc_column_text][vc_single_image image=&#8220;1679&#8243; img_size=&#8220;full&#8220;][vc_single_image image=&#8220;1680&#8243; img_size=&#8220;full&#8220;][\/vc_column][\/vc_row]\n<\/section>","protected":false},"excerpt":{"rendered":"<p>[vc_row thb_divider_position=&#8220;bottom&#8220; el_class=&#8220;align-center&#8220; css=&#8220;.vc_custom_1619623749184{margin-top: 20px !important;}&#8220;][vc_column offset=&#8220;vc_col-lg-7 vc_col-md-9&#8243;][vc_column_text] Reproduktion [\/vc_column_text][vc_column_text]Konstruktion ist zweifellos einer der wichtigsten Aspekte bei der Restaurierung von Sammlerautos. Originalteile, die nicht mehr erh\u00e4ltlich sind oder aus Gr\u00fcnden der Originalit\u00e4t erhalten werden m\u00fcssen, werden intern und in Zusammenarbeit mit unseren Partnern konstruiert und reproduziert, die sich auf Prozesse wie 3D-Scannen, CAD\/CAM, Gie\u00dfen und&hellip;<\/p>\n","protected":false},"author":1,"featured_media":1681,"parent":0,"menu_order":0,"comment_status":"closed","ping_status":"closed","template":"","meta":{"footnotes":""},"class_list":["post-1678","page","type-page","status-publish","has-post-thumbnail","hentry"],"yoast_head":"<!-- This site is optimized with the Yoast SEO plugin v26.7 - https:\/\/yoast.com\/wordpress\/plugins\/seo\/ -->\n<title>Reproduktion - Strada e Corsa<\/title>\n<meta name=\"robots\" content=\"index, follow, max-snippet:-1, max-image-preview:large, max-video-preview:-1\" \/>\n<link rel=\"canonical\" href=\"https:\/\/stradaecorsa.com\/de\/reproduktion\/\" \/>\n<meta property=\"og:locale\" content=\"de_DE\" \/>\n<meta property=\"og:type\" content=\"article\" \/>\n<meta property=\"og:title\" content=\"Reproduktion - Strada e Corsa\" \/>\n<meta property=\"og:description\" content=\"[vc_row thb_divider_position=&#8220;bottom&#8220; el_class=&#8220;align-center&#8220; css=&#8220;.vc_custom_1619623749184{margin-top: 20px !important;}&#8220;][vc_column offset=&#8220;vc_col-lg-7 vc_col-md-9&#8243;][vc_column_text] Reproduktion [\/vc_column_text][vc_column_text]Konstruktion ist zweifellos einer der wichtigsten Aspekte bei der Restaurierung von Sammlerautos. Originalteile, die nicht mehr erh\u00e4ltlich sind oder aus Gr\u00fcnden der Originalit\u00e4t erhalten werden m\u00fcssen, werden intern und in Zusammenarbeit mit unseren Partnern konstruiert und reproduziert, die sich auf Prozesse wie 3D-Scannen, CAD\/CAM, Gie\u00dfen und&hellip;\" \/>\n<meta property=\"og:url\" content=\"https:\/\/stradaecorsa.com\/de\/reproduktion\/\" \/>\n<meta property=\"og:site_name\" content=\"Strada e Corsa\" \/>\n<meta property=\"article:publisher\" content=\"https:\/\/www.facebook.com\/StradaeCorsa1\" \/>\n<meta property=\"article:modified_time\" content=\"2025-09-22T20:43:21+00:00\" \/>\n<meta property=\"og:image\" content=\"https:\/\/stradaecorsa.com\/wp-content\/uploads\/2021\/07\/strada-e-corsa-engineering-3.jpg\" \/>\n\t<meta property=\"og:image:width\" content=\"1024\" \/>\n\t<meta property=\"og:image:height\" content=\"768\" \/>\n\t<meta property=\"og:image:type\" content=\"image\/jpeg\" \/>\n<meta name=\"twitter:card\" content=\"summary_large_image\" \/>\n<meta name=\"twitter:label1\" content=\"Gesch\u00e4tzte Lesezeit\" \/>\n\t<meta name=\"twitter:data1\" content=\"2\u00a0Minuten\" \/>\n<script type=\"application\/ld+json\" class=\"yoast-schema-graph\">{\"@context\":\"https:\/\/schema.org\",\"@graph\":[{\"@type\":\"WebPage\",\"@id\":\"https:\/\/stradaecorsa.com\/de\/reproduktion\/\",\"url\":\"https:\/\/stradaecorsa.com\/de\/reproduktion\/\",\"name\":\"Reproduktion - Strada e Corsa\",\"isPartOf\":{\"@id\":\"https:\/\/stradaecorsa.com\/de\/#website\"},\"primaryImageOfPage\":{\"@id\":\"https:\/\/stradaecorsa.com\/de\/reproduktion\/#primaryimage\"},\"image\":{\"@id\":\"https:\/\/stradaecorsa.com\/de\/reproduktion\/#primaryimage\"},\"thumbnailUrl\":\"https:\/\/stradaecorsa.com\/wp-content\/uploads\/2021\/07\/strada-e-corsa-engineering-3.jpg\",\"datePublished\":\"2021-02-11T16:38:58+00:00\",\"dateModified\":\"2025-09-22T20:43:21+00:00\",\"breadcrumb\":{\"@id\":\"https:\/\/stradaecorsa.com\/de\/reproduktion\/#breadcrumb\"},\"inLanguage\":\"de\",\"potentialAction\":[{\"@type\":\"ReadAction\",\"target\":[\"https:\/\/stradaecorsa.com\/de\/reproduktion\/\"]}]},{\"@type\":\"ImageObject\",\"inLanguage\":\"de\",\"@id\":\"https:\/\/stradaecorsa.com\/de\/reproduktion\/#primaryimage\",\"url\":\"https:\/\/stradaecorsa.com\/wp-content\/uploads\/2021\/07\/strada-e-corsa-engineering-3.jpg\",\"contentUrl\":\"https:\/\/stradaecorsa.com\/wp-content\/uploads\/2021\/07\/strada-e-corsa-engineering-3.jpg\",\"width\":1024,\"height\":768},{\"@type\":\"BreadcrumbList\",\"@id\":\"https:\/\/stradaecorsa.com\/de\/reproduktion\/#breadcrumb\",\"itemListElement\":[{\"@type\":\"ListItem\",\"position\":1,\"name\":\"Home\",\"item\":\"https:\/\/stradaecorsa.com\/de\/\"},{\"@type\":\"ListItem\",\"position\":2,\"name\":\"Reproduktion\"}]},{\"@type\":\"WebSite\",\"@id\":\"https:\/\/stradaecorsa.com\/de\/#website\",\"url\":\"https:\/\/stradaecorsa.com\/de\/\",\"name\":\"Strada e Corsa\",\"description\":\"Maintenance, restoration of classic Italian cars\",\"publisher\":{\"@id\":\"https:\/\/stradaecorsa.com\/de\/#organization\"},\"potentialAction\":[{\"@type\":\"SearchAction\",\"target\":{\"@type\":\"EntryPoint\",\"urlTemplate\":\"https:\/\/stradaecorsa.com\/de\/?s={search_term_string}\"},\"query-input\":{\"@type\":\"PropertyValueSpecification\",\"valueRequired\":true,\"valueName\":\"search_term_string\"}}],\"inLanguage\":\"de\"},{\"@type\":\"Organization\",\"@id\":\"https:\/\/stradaecorsa.com\/de\/#organization\",\"name\":\"Strada e Corsa\",\"url\":\"https:\/\/stradaecorsa.com\/de\/\",\"logo\":{\"@type\":\"ImageObject\",\"inLanguage\":\"de\",\"@id\":\"https:\/\/stradaecorsa.com\/de\/#\/schema\/logo\/image\/\",\"url\":\"https:\/\/stradaecorsa.com\/wp-content\/uploads\/2021\/02\/Strada-e-corsa-logo-zwart.png\",\"contentUrl\":\"https:\/\/stradaecorsa.com\/wp-content\/uploads\/2021\/02\/Strada-e-corsa-logo-zwart.png\",\"width\":500,\"height\":33,\"caption\":\"Strada e Corsa\"},\"image\":{\"@id\":\"https:\/\/stradaecorsa.com\/de\/#\/schema\/logo\/image\/\"},\"sameAs\":[\"https:\/\/www.facebook.com\/StradaeCorsa1\",\"https:\/\/www.instagram.com\/strada_e_corsa\/\"]}]}<\/script>\n<!-- \/ Yoast SEO plugin. -->","yoast_head_json":{"title":"Reproduktion - Strada e Corsa","robots":{"index":"index","follow":"follow","max-snippet":"max-snippet:-1","max-image-preview":"max-image-preview:large","max-video-preview":"max-video-preview:-1"},"canonical":"https:\/\/stradaecorsa.com\/de\/reproduktion\/","og_locale":"de_DE","og_type":"article","og_title":"Reproduktion - Strada e Corsa","og_description":"[vc_row thb_divider_position=&#8220;bottom&#8220; el_class=&#8220;align-center&#8220; css=&#8220;.vc_custom_1619623749184{margin-top: 20px !important;}&#8220;][vc_column offset=&#8220;vc_col-lg-7 vc_col-md-9&#8243;][vc_column_text] Reproduktion [\/vc_column_text][vc_column_text]Konstruktion ist zweifellos einer der wichtigsten Aspekte bei der Restaurierung von Sammlerautos. Originalteile, die nicht mehr erh\u00e4ltlich sind oder aus Gr\u00fcnden der Originalit\u00e4t erhalten werden m\u00fcssen, werden intern und in Zusammenarbeit mit unseren Partnern konstruiert und reproduziert, die sich auf Prozesse wie 3D-Scannen, CAD\/CAM, Gie\u00dfen und&hellip;","og_url":"https:\/\/stradaecorsa.com\/de\/reproduktion\/","og_site_name":"Strada e Corsa","article_publisher":"https:\/\/www.facebook.com\/StradaeCorsa1","article_modified_time":"2025-09-22T20:43:21+00:00","og_image":[{"width":1024,"height":768,"url":"https:\/\/stradaecorsa.com\/wp-content\/uploads\/2021\/07\/strada-e-corsa-engineering-3.jpg","type":"image\/jpeg"}],"twitter_card":"summary_large_image","twitter_misc":{"Gesch\u00e4tzte Lesezeit":"2\u00a0Minuten"},"schema":{"@context":"https:\/\/schema.org","@graph":[{"@type":"WebPage","@id":"https:\/\/stradaecorsa.com\/de\/reproduktion\/","url":"https:\/\/stradaecorsa.com\/de\/reproduktion\/","name":"Reproduktion - Strada e Corsa","isPartOf":{"@id":"https:\/\/stradaecorsa.com\/de\/#website"},"primaryImageOfPage":{"@id":"https:\/\/stradaecorsa.com\/de\/reproduktion\/#primaryimage"},"image":{"@id":"https:\/\/stradaecorsa.com\/de\/reproduktion\/#primaryimage"},"thumbnailUrl":"https:\/\/stradaecorsa.com\/wp-content\/uploads\/2021\/07\/strada-e-corsa-engineering-3.jpg","datePublished":"2021-02-11T16:38:58+00:00","dateModified":"2025-09-22T20:43:21+00:00","breadcrumb":{"@id":"https:\/\/stradaecorsa.com\/de\/reproduktion\/#breadcrumb"},"inLanguage":"de","potentialAction":[{"@type":"ReadAction","target":["https:\/\/stradaecorsa.com\/de\/reproduktion\/"]}]},{"@type":"ImageObject","inLanguage":"de","@id":"https:\/\/stradaecorsa.com\/de\/reproduktion\/#primaryimage","url":"https:\/\/stradaecorsa.com\/wp-content\/uploads\/2021\/07\/strada-e-corsa-engineering-3.jpg","contentUrl":"https:\/\/stradaecorsa.com\/wp-content\/uploads\/2021\/07\/strada-e-corsa-engineering-3.jpg","width":1024,"height":768},{"@type":"BreadcrumbList","@id":"https:\/\/stradaecorsa.com\/de\/reproduktion\/#breadcrumb","itemListElement":[{"@type":"ListItem","position":1,"name":"Home","item":"https:\/\/stradaecorsa.com\/de\/"},{"@type":"ListItem","position":2,"name":"Reproduktion"}]},{"@type":"WebSite","@id":"https:\/\/stradaecorsa.com\/de\/#website","url":"https:\/\/stradaecorsa.com\/de\/","name":"Strada e Corsa","description":"Maintenance, restoration of classic Italian cars","publisher":{"@id":"https:\/\/stradaecorsa.com\/de\/#organization"},"potentialAction":[{"@type":"SearchAction","target":{"@type":"EntryPoint","urlTemplate":"https:\/\/stradaecorsa.com\/de\/?s={search_term_string}"},"query-input":{"@type":"PropertyValueSpecification","valueRequired":true,"valueName":"search_term_string"}}],"inLanguage":"de"},{"@type":"Organization","@id":"https:\/\/stradaecorsa.com\/de\/#organization","name":"Strada e Corsa","url":"https:\/\/stradaecorsa.com\/de\/","logo":{"@type":"ImageObject","inLanguage":"de","@id":"https:\/\/stradaecorsa.com\/de\/#\/schema\/logo\/image\/","url":"https:\/\/stradaecorsa.com\/wp-content\/uploads\/2021\/02\/Strada-e-corsa-logo-zwart.png","contentUrl":"https:\/\/stradaecorsa.com\/wp-content\/uploads\/2021\/02\/Strada-e-corsa-logo-zwart.png","width":500,"height":33,"caption":"Strada e Corsa"},"image":{"@id":"https:\/\/stradaecorsa.com\/de\/#\/schema\/logo\/image\/"},"sameAs":["https:\/\/www.facebook.com\/StradaeCorsa1","https:\/\/www.instagram.com\/strada_e_corsa\/"]}]}},"_links":{"self":[{"href":"https:\/\/stradaecorsa.com\/de\/wp-json\/wp\/v2\/pages\/1678","targetHints":{"allow":["GET"]}}],"collection":[{"href":"https:\/\/stradaecorsa.com\/de\/wp-json\/wp\/v2\/pages"}],"about":[{"href":"https:\/\/stradaecorsa.com\/de\/wp-json\/wp\/v2\/types\/page"}],"author":[{"embeddable":true,"href":"https:\/\/stradaecorsa.com\/de\/wp-json\/wp\/v2\/users\/1"}],"replies":[{"embeddable":true,"href":"https:\/\/stradaecorsa.com\/de\/wp-json\/wp\/v2\/comments?post=1678"}],"version-history":[{"count":4,"href":"https:\/\/stradaecorsa.com\/de\/wp-json\/wp\/v2\/pages\/1678\/revisions"}],"predecessor-version":[{"id":2925,"href":"https:\/\/stradaecorsa.com\/de\/wp-json\/wp\/v2\/pages\/1678\/revisions\/2925"}],"wp:featuredmedia":[{"embeddable":true,"href":"https:\/\/stradaecorsa.com\/de\/wp-json\/wp\/v2\/media\/1681"}],"wp:attachment":[{"href":"https:\/\/stradaecorsa.com\/de\/wp-json\/wp\/v2\/media?parent=1678"}],"curies":[{"name":"wp","href":"https:\/\/api.w.org\/{rel}","templated":true}]}}