{"id":1684,"date":"2016-09-18T10:13:37","date_gmt":"2016-09-18T10:13:37","guid":{"rendered":"https:\/\/stradaecorsa.com\/ueber-uns\/"},"modified":"2025-09-22T10:06:45","modified_gmt":"2025-09-22T10:06:45","slug":"ueber-uns","status":"publish","type":"page","link":"https:\/\/stradaecorsa.com\/de\/ueber-uns\/","title":{"rendered":"\u00dcber uns"},"content":{"rendered":"<section class=\"wpb-content-wrapper\">[vc_row thb_divider_position=&#8220;bottom&#8220; el_class=&#8220;align-center&#8220; css=&#8220;.vc_custom_1473955780919{padding-top: 6vh !important;padding-bottom: 2vh !important;}&#8220;][vc_column animation=&#8220;animation bottom-to-top&#8220; offset=&#8220;vc_col-lg-6 vc_col-md-8&#8243;][vc_column_text]\n<h1>\u00dcber Strada e Corsa<\/h1>\n<p>Die Geschichte von Strada e Corsa begann im Jahr 2005 mit den beiden Br\u00fcdern Jurriaan und Lennart Schouwenburg, deren Ziel es war, Oldtimer auf h\u00f6chstem Niveau zu restaurieren und sich in diesem Bereich einen Ruf f\u00fcr Exzellenz zu erarbeiten.<\/p>\n<p>Die Oldtimer-Restaurierungen von Strada e Corsa betreffen haupts\u00e4chlich, aber nicht ausschlie\u00dflich, italienische Hersteller wie Ferrari, Alfa Romeo, Lancia, Osca und Fiat 8V. Die Qualit\u00e4t unserer Arbeit wurde mehrfach gew\u00fcrdigt, mit Gesamt- und Klassensiegen bei der Villa d\u2019Este, Pebble Beach, The Quail, Palm Beach Cavallino Classic und anderen renommierten internationalen Concours d\u2019\u00e9l\u00e9gance-Veranstaltungen.[\/vc_column_text][\/vc_column][\/vc_row][vc_row thb_divider_position=&#8220;bottom&#8220; el_class=&#8220;align-center&#8220;][vc_column offset=&#8220;vc_col-lg-7 vc_col-md-9&#8243;]\t<div id=\"thb-image-69f7850430508\" class=\"caption-style1 animation bottom-to-top alignleft full  thb_image_link wp-caption\">\n\t\t\t<div class=\"thb-image-inner size_100\">\n\t\t\t<img loading=\"lazy\" decoding=\"async\" width=\"800\" height=\"595\" src=\"https:\/\/stradaecorsa.com\/wp-content\/uploads\/2021\/03\/strada-e-corsa-history.jpg\" class=\"thb_image   thb-ignore-lazyload attachment-full thb-lazyload lazyload\" alt=\"\" title=\"strada e corsa history\" sizes=\"auto, (max-width: 800px) 100vw, 800px\" data-src=\"https:\/\/stradaecorsa.com\/wp-content\/uploads\/2021\/03\/strada-e-corsa-history.jpg\" data-sizes=\"auto\" data-srcset=\"https:\/\/stradaecorsa.com\/wp-content\/uploads\/2021\/03\/strada-e-corsa-history.jpg 800w, https:\/\/stradaecorsa.com\/wp-content\/uploads\/2021\/03\/strada-e-corsa-history-768x571.jpg 768w, https:\/\/stradaecorsa.com\/wp-content\/uploads\/2021\/03\/strada-e-corsa-history-640x476.jpg 640w, https:\/\/stradaecorsa.com\/wp-content\/uploads\/2021\/03\/strada-e-corsa-history-320x238.jpg 320w, https:\/\/stradaecorsa.com\/wp-content\/uploads\/2021\/03\/strada-e-corsa-history-20x15.jpg 20w\" \/>\n\t\t<\/div>\n\t\t\t\t\t<\/div>\n\t[\/vc_column][\/vc_row][vc_row thb_divider_position=&#8220;bottom&#8220; el_class=&#8220;align-center&#8220; css=&#8220;.vc_custom_1473955815884{padding-top: 4vh !important;padding-bottom: 6vh !important;}&#8220;][vc_column animation=&#8220;animation bottom-to-top&#8220; offset=&#8220;vc_col-lg-6 vc_col-md-8&#8243;][vc_column_text]Jurriaan wuchs in einer Familie auf, in der Rennsport und die Restaurierung von Ikonen wie dem Ferrari 250\/GT Berlinetta SWB, 250 MONZA und 340 Berlinetta Touring zum Alltag geh\u00f6rten, und begann seine \u201eAusbildung\u201c im Alter von vierzehn Jahren mit der Restaurierung des ans\u00e4ssigen Lancia Aurelia B20 und des Ferrari 250 Europa von 1954. Nach dem Abitur besuchte er die School of Automotive Industry und arbeitete mit Markenspezialisten und Sammlern in den Niederlanden, Belgien und den Vereinigten Staaten zusammen.[\/vc_column_text][\/vc_column][\/vc_row][vc_row thb_divider_position=&#8220;bottom&#8220; el_class=&#8220;align-center&#8220; css=&#8220;.vc_custom_1473955859053{padding-bottom: 6vh !important;}&#8220;][vc_column offset=&#8220;vc_col-lg-7 vc_col-md-9&#8243;][vc_column_text animation=&#8220;animation fade-in&#8220;][\/vc_column_text][vc_row_inner][vc_column_inner width=&#8220;1\/2&#8243; animation=&#8220;animation bottom-to-top&#8220;][vc_column_text]<img loading=\"lazy\" decoding=\"async\" class=\"alignnone wp-image-582 size-full lazyload\" src=\"data:image\/gif;base64,R0lGODlhAQABAAAAACH5BAEKAAEALAAAAAABAAEAAAICTAEAOw==\" data-src=\"https:\/\/stradaecorsa.com\/wp-content\/uploads\/2021\/03\/strada-e-corsa-history-1.jpg\" alt=\"\" width=\"800\" height=\"595\" data-sizes=\"auto\" data-srcset=\"https:\/\/stradaecorsa.com\/wp-content\/uploads\/2021\/03\/strada-e-corsa-history-1.jpg 800w, https:\/\/stradaecorsa.com\/wp-content\/uploads\/2021\/03\/strada-e-corsa-history-1-768x571.jpg 768w, https:\/\/stradaecorsa.com\/wp-content\/uploads\/2021\/03\/strada-e-corsa-history-1-640x476.jpg 640w, https:\/\/stradaecorsa.com\/wp-content\/uploads\/2021\/03\/strada-e-corsa-history-1-320x238.jpg 320w, https:\/\/stradaecorsa.com\/wp-content\/uploads\/2021\/03\/strada-e-corsa-history-1-20x15.jpg 20w\" sizes=\"auto, (max-width: 800px) 100vw, 800px\" \/>[\/vc_column_text][\/vc_column_inner][vc_column_inner width=&#8220;1\/2&#8243; animation=&#8220;animation bottom-to-top&#8220;][vc_column_text]<img loading=\"lazy\" decoding=\"async\" class=\"alignnone wp-image-583 size-full lazyload\" src=\"data:image\/gif;base64,R0lGODlhAQABAAAAACH5BAEKAAEALAAAAAABAAEAAAICTAEAOw==\" data-src=\"https:\/\/stradaecorsa.com\/wp-content\/uploads\/2021\/03\/strada-e-corsa-history-2.jpg\" alt=\"\" width=\"800\" height=\"595\" data-sizes=\"auto\" data-srcset=\"https:\/\/stradaecorsa.com\/wp-content\/uploads\/2021\/03\/strada-e-corsa-history-2.jpg 800w, https:\/\/stradaecorsa.com\/wp-content\/uploads\/2021\/03\/strada-e-corsa-history-2-768x571.jpg 768w, https:\/\/stradaecorsa.com\/wp-content\/uploads\/2021\/03\/strada-e-corsa-history-2-640x476.jpg 640w, https:\/\/stradaecorsa.com\/wp-content\/uploads\/2021\/03\/strada-e-corsa-history-2-320x238.jpg 320w, https:\/\/stradaecorsa.com\/wp-content\/uploads\/2021\/03\/strada-e-corsa-history-2-20x15.jpg 20w\" sizes=\"auto, (max-width: 800px) 100vw, 800px\" \/>[\/vc_column_text][\/vc_column_inner][\/vc_row_inner][\/vc_column][\/vc_row][vc_row thb_divider_position=&#8220;bottom&#8220; el_class=&#8220;align-center&#8220; css=&#8220;.vc_custom_1473955815884{padding-top: 4vh !important;padding-bottom: 6vh !important;}&#8220;][vc_column animation=&#8220;animation bottom-to-top&#8220; offset=&#8220;vc_col-lg-6 vc_col-md-8&#8243;][vc_column_text]Nach seiner R\u00fcckkehr in die Niederlande tat sich Jurriaan mit seinem j\u00fcngeren Bruder Lennart zusammen, dessen kaufm\u00e4nnischer Hintergrund, sein Wissen und seine Einkaufsexpertise auf dem Oldtimermarkt dazu beitrugen, Strada e Corsas erfolgreichen Ruf in der italienischen Oldtimer-Community weltweit zu etablieren.<\/p>\n<p>Seit mehr als f\u00fcnfzehn Jahren ist Strada e Corsa stolz darauf, eine betr\u00e4chtliche Anzahl der in limitierter Auflage produzierten Fiat 8V und SIATA restauriert zu haben, was zu einer weltweit f\u00fchrenden Position bei der Restaurierung dieser Fahrzeuge gef\u00fchrt hat. Die familiengef\u00fchrte Restaurierungswerkstatt bietet nicht nur ein un\u00fcbertroffenes Ma\u00df an historischem Wissen und handwerklichem K\u00f6nnen, sondern arbeitet auch mit den besten italienischen Karosseriewerkst\u00e4tten zusammen und kann neue Otto Vu-Teile und -Komponenten liefern, die im eigenen Haus nach den neuesten metallurgischen Standards entwickelt und hergestellt werden.[\/vc_column_text][\/vc_column][\/vc_row]\n<\/section>","protected":false},"excerpt":{"rendered":"<p>[vc_row thb_divider_position=&#8220;bottom&#8220; el_class=&#8220;align-center&#8220; css=&#8220;.vc_custom_1473955780919{padding-top: 6vh !important;padding-bottom: 2vh !important;}&#8220;][vc_column animation=&#8220;animation bottom-to-top&#8220; offset=&#8220;vc_col-lg-6 vc_col-md-8&#8243;][vc_column_text] \u00dcber Strada e Corsa Die Geschichte von Strada e Corsa begann im Jahr 2005 mit den beiden Br\u00fcdern Jurriaan und Lennart Schouwenburg, deren Ziel es war, Oldtimer auf h\u00f6chstem Niveau zu restaurieren und sich in diesem Bereich einen Ruf f\u00fcr Exzellenz zu erarbeiten.&hellip;<\/p>\n","protected":false},"author":1,"featured_media":0,"parent":0,"menu_order":0,"comment_status":"closed","ping_status":"closed","template":"","meta":{"footnotes":""},"class_list":["post-1684","page","type-page","status-publish","hentry"],"yoast_head":"<!-- This site is optimized with the Yoast SEO plugin v26.7 - https:\/\/yoast.com\/wordpress\/plugins\/seo\/ -->\n<title>\u00dcber uns - Strada e Corsa<\/title>\n<meta name=\"robots\" content=\"index, follow, max-snippet:-1, max-image-preview:large, max-video-preview:-1\" \/>\n<link rel=\"canonical\" href=\"https:\/\/stradaecorsa.com\/de\/ueber-uns\/\" \/>\n<meta property=\"og:locale\" content=\"de_DE\" \/>\n<meta property=\"og:type\" content=\"article\" \/>\n<meta property=\"og:title\" content=\"\u00dcber uns - Strada e Corsa\" \/>\n<meta property=\"og:description\" content=\"[vc_row thb_divider_position=&#8220;bottom&#8220; el_class=&#8220;align-center&#8220; css=&#8220;.vc_custom_1473955780919{padding-top: 6vh !important;padding-bottom: 2vh !important;}&#8220;][vc_column animation=&#8220;animation bottom-to-top&#8220; offset=&#8220;vc_col-lg-6 vc_col-md-8&#8243;][vc_column_text] \u00dcber Strada e Corsa Die Geschichte von Strada e Corsa begann im Jahr 2005 mit den beiden Br\u00fcdern Jurriaan und Lennart Schouwenburg, deren Ziel es war, Oldtimer auf h\u00f6chstem Niveau zu restaurieren und sich in diesem Bereich einen Ruf f\u00fcr Exzellenz zu erarbeiten.&hellip;\" \/>\n<meta property=\"og:url\" content=\"https:\/\/stradaecorsa.com\/de\/ueber-uns\/\" \/>\n<meta property=\"og:site_name\" content=\"Strada e Corsa\" \/>\n<meta property=\"article:publisher\" content=\"https:\/\/www.facebook.com\/StradaeCorsa1\" \/>\n<meta property=\"article:modified_time\" content=\"2025-09-22T10:06:45+00:00\" \/>\n<meta property=\"og:image\" content=\"https:\/\/stradaecorsa.com\/wp-content\/uploads\/2021\/03\/strada-e-corsa-history-1.jpg\" \/>\n<meta name=\"twitter:card\" content=\"summary_large_image\" \/>\n<meta name=\"twitter:label1\" content=\"Gesch\u00e4tzte Lesezeit\" \/>\n\t<meta name=\"twitter:data1\" content=\"2\u00a0Minuten\" \/>\n<script type=\"application\/ld+json\" class=\"yoast-schema-graph\">{\"@context\":\"https:\/\/schema.org\",\"@graph\":[{\"@type\":\"WebPage\",\"@id\":\"https:\/\/stradaecorsa.com\/de\/ueber-uns\/\",\"url\":\"https:\/\/stradaecorsa.com\/de\/ueber-uns\/\",\"name\":\"\u00dcber uns - Strada e Corsa\",\"isPartOf\":{\"@id\":\"https:\/\/stradaecorsa.com\/de\/#website\"},\"primaryImageOfPage\":{\"@id\":\"https:\/\/stradaecorsa.com\/de\/ueber-uns\/#primaryimage\"},\"image\":{\"@id\":\"https:\/\/stradaecorsa.com\/de\/ueber-uns\/#primaryimage\"},\"thumbnailUrl\":\"https:\/\/stradaecorsa.com\/wp-content\/uploads\/2021\/03\/strada-e-corsa-history-1.jpg\",\"datePublished\":\"2016-09-18T10:13:37+00:00\",\"dateModified\":\"2025-09-22T10:06:45+00:00\",\"breadcrumb\":{\"@id\":\"https:\/\/stradaecorsa.com\/de\/ueber-uns\/#breadcrumb\"},\"inLanguage\":\"de\",\"potentialAction\":[{\"@type\":\"ReadAction\",\"target\":[\"https:\/\/stradaecorsa.com\/de\/ueber-uns\/\"]}]},{\"@type\":\"ImageObject\",\"inLanguage\":\"de\",\"@id\":\"https:\/\/stradaecorsa.com\/de\/ueber-uns\/#primaryimage\",\"url\":\"https:\/\/stradaecorsa.com\/wp-content\/uploads\/2021\/03\/strada-e-corsa-history-1.jpg\",\"contentUrl\":\"https:\/\/stradaecorsa.com\/wp-content\/uploads\/2021\/03\/strada-e-corsa-history-1.jpg\"},{\"@type\":\"BreadcrumbList\",\"@id\":\"https:\/\/stradaecorsa.com\/de\/ueber-uns\/#breadcrumb\",\"itemListElement\":[{\"@type\":\"ListItem\",\"position\":1,\"name\":\"Home\",\"item\":\"https:\/\/stradaecorsa.com\/de\/\"},{\"@type\":\"ListItem\",\"position\":2,\"name\":\"\u00dcber uns\"}]},{\"@type\":\"WebSite\",\"@id\":\"https:\/\/stradaecorsa.com\/de\/#website\",\"url\":\"https:\/\/stradaecorsa.com\/de\/\",\"name\":\"Strada e Corsa\",\"description\":\"Maintenance, restoration of classic Italian cars\",\"publisher\":{\"@id\":\"https:\/\/stradaecorsa.com\/de\/#organization\"},\"potentialAction\":[{\"@type\":\"SearchAction\",\"target\":{\"@type\":\"EntryPoint\",\"urlTemplate\":\"https:\/\/stradaecorsa.com\/de\/?s={search_term_string}\"},\"query-input\":{\"@type\":\"PropertyValueSpecification\",\"valueRequired\":true,\"valueName\":\"search_term_string\"}}],\"inLanguage\":\"de\"},{\"@type\":\"Organization\",\"@id\":\"https:\/\/stradaecorsa.com\/de\/#organization\",\"name\":\"Strada e Corsa\",\"url\":\"https:\/\/stradaecorsa.com\/de\/\",\"logo\":{\"@type\":\"ImageObject\",\"inLanguage\":\"de\",\"@id\":\"https:\/\/stradaecorsa.com\/de\/#\/schema\/logo\/image\/\",\"url\":\"https:\/\/stradaecorsa.com\/wp-content\/uploads\/2021\/02\/Strada-e-corsa-logo-zwart.png\",\"contentUrl\":\"https:\/\/stradaecorsa.com\/wp-content\/uploads\/2021\/02\/Strada-e-corsa-logo-zwart.png\",\"width\":500,\"height\":33,\"caption\":\"Strada e Corsa\"},\"image\":{\"@id\":\"https:\/\/stradaecorsa.com\/de\/#\/schema\/logo\/image\/\"},\"sameAs\":[\"https:\/\/www.facebook.com\/StradaeCorsa1\",\"https:\/\/www.instagram.com\/strada_e_corsa\/\"]}]}<\/script>\n<!-- \/ Yoast SEO plugin. -->","yoast_head_json":{"title":"\u00dcber uns - Strada e Corsa","robots":{"index":"index","follow":"follow","max-snippet":"max-snippet:-1","max-image-preview":"max-image-preview:large","max-video-preview":"max-video-preview:-1"},"canonical":"https:\/\/stradaecorsa.com\/de\/ueber-uns\/","og_locale":"de_DE","og_type":"article","og_title":"\u00dcber uns - Strada e Corsa","og_description":"[vc_row thb_divider_position=&#8220;bottom&#8220; el_class=&#8220;align-center&#8220; css=&#8220;.vc_custom_1473955780919{padding-top: 6vh !important;padding-bottom: 2vh !important;}&#8220;][vc_column animation=&#8220;animation bottom-to-top&#8220; offset=&#8220;vc_col-lg-6 vc_col-md-8&#8243;][vc_column_text] \u00dcber Strada e Corsa Die Geschichte von Strada e Corsa begann im Jahr 2005 mit den beiden Br\u00fcdern Jurriaan und Lennart Schouwenburg, deren Ziel es war, Oldtimer auf h\u00f6chstem Niveau zu restaurieren und sich in diesem Bereich einen Ruf f\u00fcr Exzellenz zu erarbeiten.&hellip;","og_url":"https:\/\/stradaecorsa.com\/de\/ueber-uns\/","og_site_name":"Strada e Corsa","article_publisher":"https:\/\/www.facebook.com\/StradaeCorsa1","article_modified_time":"2025-09-22T10:06:45+00:00","og_image":[{"url":"https:\/\/stradaecorsa.com\/wp-content\/uploads\/2021\/03\/strada-e-corsa-history-1.jpg","type":"","width":"","height":""}],"twitter_card":"summary_large_image","twitter_misc":{"Gesch\u00e4tzte Lesezeit":"2\u00a0Minuten"},"schema":{"@context":"https:\/\/schema.org","@graph":[{"@type":"WebPage","@id":"https:\/\/stradaecorsa.com\/de\/ueber-uns\/","url":"https:\/\/stradaecorsa.com\/de\/ueber-uns\/","name":"\u00dcber uns - Strada e Corsa","isPartOf":{"@id":"https:\/\/stradaecorsa.com\/de\/#website"},"primaryImageOfPage":{"@id":"https:\/\/stradaecorsa.com\/de\/ueber-uns\/#primaryimage"},"image":{"@id":"https:\/\/stradaecorsa.com\/de\/ueber-uns\/#primaryimage"},"thumbnailUrl":"https:\/\/stradaecorsa.com\/wp-content\/uploads\/2021\/03\/strada-e-corsa-history-1.jpg","datePublished":"2016-09-18T10:13:37+00:00","dateModified":"2025-09-22T10:06:45+00:00","breadcrumb":{"@id":"https:\/\/stradaecorsa.com\/de\/ueber-uns\/#breadcrumb"},"inLanguage":"de","potentialAction":[{"@type":"ReadAction","target":["https:\/\/stradaecorsa.com\/de\/ueber-uns\/"]}]},{"@type":"ImageObject","inLanguage":"de","@id":"https:\/\/stradaecorsa.com\/de\/ueber-uns\/#primaryimage","url":"https:\/\/stradaecorsa.com\/wp-content\/uploads\/2021\/03\/strada-e-corsa-history-1.jpg","contentUrl":"https:\/\/stradaecorsa.com\/wp-content\/uploads\/2021\/03\/strada-e-corsa-history-1.jpg"},{"@type":"BreadcrumbList","@id":"https:\/\/stradaecorsa.com\/de\/ueber-uns\/#breadcrumb","itemListElement":[{"@type":"ListItem","position":1,"name":"Home","item":"https:\/\/stradaecorsa.com\/de\/"},{"@type":"ListItem","position":2,"name":"\u00dcber uns"}]},{"@type":"WebSite","@id":"https:\/\/stradaecorsa.com\/de\/#website","url":"https:\/\/stradaecorsa.com\/de\/","name":"Strada e Corsa","description":"Maintenance, restoration of classic Italian cars","publisher":{"@id":"https:\/\/stradaecorsa.com\/de\/#organization"},"potentialAction":[{"@type":"SearchAction","target":{"@type":"EntryPoint","urlTemplate":"https:\/\/stradaecorsa.com\/de\/?s={search_term_string}"},"query-input":{"@type":"PropertyValueSpecification","valueRequired":true,"valueName":"search_term_string"}}],"inLanguage":"de"},{"@type":"Organization","@id":"https:\/\/stradaecorsa.com\/de\/#organization","name":"Strada e Corsa","url":"https:\/\/stradaecorsa.com\/de\/","logo":{"@type":"ImageObject","inLanguage":"de","@id":"https:\/\/stradaecorsa.com\/de\/#\/schema\/logo\/image\/","url":"https:\/\/stradaecorsa.com\/wp-content\/uploads\/2021\/02\/Strada-e-corsa-logo-zwart.png","contentUrl":"https:\/\/stradaecorsa.com\/wp-content\/uploads\/2021\/02\/Strada-e-corsa-logo-zwart.png","width":500,"height":33,"caption":"Strada e Corsa"},"image":{"@id":"https:\/\/stradaecorsa.com\/de\/#\/schema\/logo\/image\/"},"sameAs":["https:\/\/www.facebook.com\/StradaeCorsa1","https:\/\/www.instagram.com\/strada_e_corsa\/"]}]}},"_links":{"self":[{"href":"https:\/\/stradaecorsa.com\/de\/wp-json\/wp\/v2\/pages\/1684","targetHints":{"allow":["GET"]}}],"collection":[{"href":"https:\/\/stradaecorsa.com\/de\/wp-json\/wp\/v2\/pages"}],"about":[{"href":"https:\/\/stradaecorsa.com\/de\/wp-json\/wp\/v2\/types\/page"}],"author":[{"embeddable":true,"href":"https:\/\/stradaecorsa.com\/de\/wp-json\/wp\/v2\/users\/1"}],"replies":[{"embeddable":true,"href":"https:\/\/stradaecorsa.com\/de\/wp-json\/wp\/v2\/comments?post=1684"}],"version-history":[{"count":6,"href":"https:\/\/stradaecorsa.com\/de\/wp-json\/wp\/v2\/pages\/1684\/revisions"}],"predecessor-version":[{"id":2289,"href":"https:\/\/stradaecorsa.com\/de\/wp-json\/wp\/v2\/pages\/1684\/revisions\/2289"}],"wp:attachment":[{"href":"https:\/\/stradaecorsa.com\/de\/wp-json\/wp\/v2\/media?parent=1684"}],"curies":[{"name":"wp","href":"https:\/\/api.w.org\/{rel}","templated":true}]}}