{"id":1768,"date":"2025-06-13T10:54:01","date_gmt":"2025-06-13T10:54:01","guid":{"rendered":"https:\/\/stradaecorsa.com\/dreher\/"},"modified":"2025-09-22T20:40:27","modified_gmt":"2025-09-22T20:40:27","slug":"dreher","status":"publish","type":"page","link":"https:\/\/stradaecorsa.com\/de\/dreher\/","title":{"rendered":"Dreher"},"content":{"rendered":"<section class=\"wpb-content-wrapper\">[vc_row thb_divider_position=&#8220;bottom&#8220; el_class=&#8220;align-center&#8220; css=&#8220;.vc_custom_1473955780919{padding-top: 6vh !important;padding-bottom: 2vh !important;}&#8220;][vc_column animation=&#8220;animation bottom-to-top&#8220; offset=&#8220;vc_col-lg-6 vc_col-md-8&#8243;][vc_column_text]<em>Einmalige Gelegenheit bei <strong>Strada e Corsa BV<\/strong>, einem Restaurierungsunternehmen f\u00fcr klassische italienische Sportwagen in Haarlem, Niederlande.<\/em><\/p>\n<p>Wir erweitern unser Team und suchen einen:<\/p>\n<h1><strong>Dreher (Vollzeit)<\/strong><\/h1>\n<p>Sind Sie ein erfahrener Handwerker mit einer Leidenschaft f\u00fcr Oldtimer? Arbeiten Sie gerne mit edlen Metallen und finden es spannend, einzigartige, seltene Komponenten zu erschaffen? Dann haben wir eine gro\u00dfartige M\u00f6glichkeit f\u00fcr Sie als <strong>Dreher<\/strong> in unserem Restaurierungsunternehmen \u2013 und als Oldtimer-Mechaniker.<\/p>\n<p><strong>Wo werden Sie als Dreher arbeiten?<\/strong><br \/>\nWir sind ein f\u00fchrendes Restaurierungsunternehmen, das sich auf ikonische Modelle wie klassische <strong>LANCIA<\/strong>, <strong>ALFA ROMEO<\/strong>, <strong>FIAT 8V<\/strong> und <strong>Siata 8V<\/strong> spezialisiert hat. In unserer Werkstatt treffen Geschichte und Handwerkskunst aufeinander. Sie werden Teil eines kleinen, leidenschaftlichen Teams, das mit h\u00f6chster Pr\u00e4zision und Ingenieurskunst arbeitet, um Oldtimer bis ins kleinste Detail perfekt zu restaurieren. Jedes Projekt ist einzigartig, mit einem starken Fokus auf Qualit\u00e4t und Fachwissen.<\/p>\n<p><strong>Was werden Sie als Dreher tun?<\/strong><br \/>\nAls Dreher und Mechaniker spielen Sie eine Schl\u00fcsselrolle bei der Herstellung und Restaurierung von Komponenten f\u00fcr Oldtimer. Ihre Hauptaufgaben umfassen:<\/p>\n<ul>\n<li><strong>Bearbeitung von Teilen auf der Drehmaschine<\/strong>: Erstellung einzigartiger Komponenten, die nicht mehr erh\u00e4ltlich sind (ggf. unter Verwendung von CNC).<\/li>\n<li><strong>Schwei\u00dfen, Schleifen und Formen<\/strong>: Reparatur von edlen Metall- und Rahmenteilen nach Originalspezifikationen.<\/li>\n<li><strong>Rekonstruktion<\/strong>: Nachbildung seltener Komponenten anhand von technischen Zeichnungen oder Originalbeispielen; Erstellung von technischen Zeichnungen bei Bedarf.<\/li>\n<li><strong>Teamwork<\/strong>: enge Zusammenarbeit mit Mechanikern und anderen Spezialisten, um Fahrzeuge in Top-Zustand zu versetzen.<\/li>\n<\/ul>\n<p><strong>Ihr Profil<\/strong><br \/>\nWir suchen einen engagierten und erfahrenen Dreher und Mechaniker, der:<\/p>\n<ul>\n<li>Erfahrung mit Metallbearbeitungstechniken hat, insbesondere mit manueller oder CNC-Drehbearbeitung.<\/li>\n<li>Eine abgeschlossene Ausbildung in Metallbearbeitung, Maschinenbau oder einem \u00e4hnlichen Bereich besitzt.<\/li>\n<li>Eine Leidenschaft f\u00fcr Oldtimer und ein scharfes Auge f\u00fcr Detail, Pr\u00e4zision und Genauigkeit hat.<\/li>\n<li>Qualit\u00e4tsorientiert, selbstst\u00e4ndig und l\u00f6sungsorientiert ist.<\/li>\n<li>Vollzeit verf\u00fcgbar ist und stolz auf seine Handwerkskunst ist.<\/li>\n<\/ul>\n[\/vc_column_text][\/vc_column][\/vc_row][vc_row thb_divider_position=&#8220;bottom&#8220; el_class=&#8220;align-center&#8220;][vc_column offset=&#8220;vc_col-lg-7 vc_col-md-9&#8243;]\t<div id=\"thb-image-69f875c54b474\" class=\"caption-style1 animation bottom-to-top alignleft full  thb_image_link wp-caption\">\n\t\t\t<div class=\"thb-image-inner size_100\">\n\t\t\t<img loading=\"lazy\" decoding=\"async\" width=\"1024\" height=\"768\" src=\"https:\/\/stradaecorsa.com\/wp-content\/uploads\/2021\/07\/Strada-e-corsa-maintenance.jpg\" class=\"thb_image   thb-ignore-lazyload attachment-full thb-lazyload lazyload\" alt=\"\" title=\"Strada e Corsa Wartung\" sizes=\"auto, (max-width: 1024px) 100vw, 1024px\" data-src=\"https:\/\/stradaecorsa.com\/wp-content\/uploads\/2021\/07\/Strada-e-corsa-maintenance.jpg\" data-sizes=\"auto\" data-srcset=\"https:\/\/stradaecorsa.com\/wp-content\/uploads\/2021\/07\/Strada-e-corsa-maintenance.jpg 1024w, https:\/\/stradaecorsa.com\/wp-content\/uploads\/2021\/07\/Strada-e-corsa-maintenance-768x576.jpg 768w, https:\/\/stradaecorsa.com\/wp-content\/uploads\/2021\/07\/Strada-e-corsa-maintenance-640x480.jpg 640w, https:\/\/stradaecorsa.com\/wp-content\/uploads\/2021\/07\/Strada-e-corsa-maintenance-320x240.jpg 320w, https:\/\/stradaecorsa.com\/wp-content\/uploads\/2021\/07\/Strada-e-corsa-maintenance-20x15.jpg 20w, https:\/\/stradaecorsa.com\/wp-content\/uploads\/2021\/07\/Strada-e-corsa-maintenance-960x720.jpg 960w\" \/>\n\t\t<\/div>\n\t\t\t\t\t<\/div>\n\t[\/vc_column][\/vc_row][vc_row thb_divider_position=&#8220;bottom&#8220; el_class=&#8220;align-center&#8220; css=&#8220;.vc_custom_1473955815884{padding-top: 4vh !important;padding-bottom: 6vh !important;}&#8220;][vc_column animation=&#8220;animation bottom-to-top&#8220; offset=&#8220;vc_col-lg-6 vc_col-md-8&#8243;][vc_column_text]<strong>Was bieten wir?<\/strong><\/p>\n<ul>\n<li><strong>Gehalt<\/strong>: Ein wettbewerbsf\u00e4higes Gehalt, basierend auf Ihrer Erfahrung und Handwerkskunst.<\/li>\n<li><strong>Inspirierender Arbeitsplatz<\/strong>: Arbeiten Sie an seltenen Fahrzeugen wie klassischen Alfa Romeo, LANCIA, FIAT 8V in einem eng verbundenen Team.<\/li>\n<li><strong>Entwicklungsm\u00f6glichkeiten<\/strong>: Vertiefen Sie Ihr Fachwissen in der Oldtimer-Restaurierung und erweitern Sie Ihre technischen F\u00e4higkeiten.<\/li>\n<li><strong>Arbeitsplatzsicherheit<\/strong>: Aussicht auf einen unbefristeten Vertrag bei nachgewiesener Eignung.<\/li>\n<li><strong>Arbeitszufriedenheit<\/strong>: Teilen Sie Ihre Leidenschaft f\u00fcr Technik und Autos mit gleichgesinnten Kollegen in einem angenehmen und professionellen Umfeld.<\/li>\n<\/ul>\n<p><strong>Wer wir sind?<\/strong><\/p>\n<p>Wir sind Strada e Corsa, ein international renommiertes Restaurierungsunternehmen f\u00fcr Oldtimer, das sich auf sehr seltene historische italienische Sportwagen spezialisiert hat. Die Qualit\u00e4t unserer Arbeit ist weltweit anerkannt und wir haben rund 50 Siege bei internationalen Concours d&#8217;Elegance-Veranstaltungen errungen. Zu unseren Kunden geh\u00f6ren f\u00fchrende Unternehmen und Institutionen der Oldtimerwelt sowie viele namhafte internationale Oldtimersammler.<\/p>\n<p><strong>Ihre n\u00e4chsten Schritte<\/strong><\/p>\n<p>Um mehr \u00fcber Strada e Corsa und diese seltene Gelegenheit zu erfahren, Teil unseres Unternehmens und unserer Zukunft zu werden, kontaktieren Sie uns bitte direkt unter <a href=\"mailto:jobs@stradaecorsa.com\">jobs@stradaecorsa.com<\/a>.<\/p>\n<p>Strada e Corsa BV[\/vc_column_text][\/vc_column][\/vc_row]\n<\/section>","protected":false},"excerpt":{"rendered":"<p>[vc_row thb_divider_position=&#8220;bottom&#8220; el_class=&#8220;align-center&#8220; css=&#8220;.vc_custom_1473955780919{padding-top: 6vh !important;padding-bottom: 2vh !important;}&#8220;][vc_column animation=&#8220;animation bottom-to-top&#8220; offset=&#8220;vc_col-lg-6 vc_col-md-8&#8243;][vc_column_text]Einmalige Gelegenheit bei Strada e Corsa BV, einem Restaurierungsunternehmen f\u00fcr klassische italienische Sportwagen in Haarlem, Niederlande. Wir erweitern unser Team und suchen einen: Dreher (Vollzeit) Sind Sie ein erfahrener Handwerker mit einer Leidenschaft f\u00fcr Oldtimer? Arbeiten Sie gerne mit edlen Metallen und finden es&hellip;<\/p>\n","protected":false},"author":1,"featured_media":1679,"parent":0,"menu_order":0,"comment_status":"closed","ping_status":"closed","template":"","meta":{"footnotes":""},"class_list":["post-1768","page","type-page","status-publish","has-post-thumbnail","hentry"],"yoast_head":"<!-- This site is optimized with the Yoast SEO plugin v26.7 - https:\/\/yoast.com\/wordpress\/plugins\/seo\/ -->\n<title>Dreher - Strada e Corsa<\/title>\n<meta name=\"robots\" content=\"index, follow, max-snippet:-1, max-image-preview:large, max-video-preview:-1\" \/>\n<link rel=\"canonical\" href=\"https:\/\/stradaecorsa.com\/de\/dreher\/\" \/>\n<meta property=\"og:locale\" content=\"de_DE\" \/>\n<meta property=\"og:type\" content=\"article\" \/>\n<meta property=\"og:title\" content=\"Dreher - Strada e Corsa\" \/>\n<meta property=\"og:description\" content=\"[vc_row thb_divider_position=&#8220;bottom&#8220; el_class=&#8220;align-center&#8220; css=&#8220;.vc_custom_1473955780919{padding-top: 6vh !important;padding-bottom: 2vh !important;}&#8220;][vc_column animation=&#8220;animation bottom-to-top&#8220; offset=&#8220;vc_col-lg-6 vc_col-md-8&#8243;][vc_column_text]Einmalige Gelegenheit bei Strada e Corsa BV, einem Restaurierungsunternehmen f\u00fcr klassische italienische Sportwagen in Haarlem, Niederlande. Wir erweitern unser Team und suchen einen: Dreher (Vollzeit) Sind Sie ein erfahrener Handwerker mit einer Leidenschaft f\u00fcr Oldtimer? Arbeiten Sie gerne mit edlen Metallen und finden es&hellip;\" \/>\n<meta property=\"og:url\" content=\"https:\/\/stradaecorsa.com\/de\/dreher\/\" \/>\n<meta property=\"og:site_name\" content=\"Strada e Corsa\" \/>\n<meta property=\"article:publisher\" content=\"https:\/\/www.facebook.com\/StradaeCorsa1\" \/>\n<meta property=\"article:modified_time\" content=\"2025-09-22T20:40:27+00:00\" \/>\n<meta property=\"og:image\" content=\"https:\/\/stradaecorsa.com\/wp-content\/uploads\/2021\/07\/strada-e-corsa-engineering-1.jpg\" \/>\n\t<meta property=\"og:image:width\" content=\"1024\" \/>\n\t<meta property=\"og:image:height\" content=\"768\" \/>\n\t<meta property=\"og:image:type\" content=\"image\/jpeg\" \/>\n<meta name=\"twitter:card\" content=\"summary_large_image\" \/>\n<meta name=\"twitter:label1\" content=\"Gesch\u00e4tzte Lesezeit\" \/>\n\t<meta name=\"twitter:data1\" content=\"3\u00a0Minuten\" \/>\n<script type=\"application\/ld+json\" class=\"yoast-schema-graph\">{\"@context\":\"https:\/\/schema.org\",\"@graph\":[{\"@type\":\"WebPage\",\"@id\":\"https:\/\/stradaecorsa.com\/de\/dreher\/\",\"url\":\"https:\/\/stradaecorsa.com\/de\/dreher\/\",\"name\":\"Dreher - Strada e Corsa\",\"isPartOf\":{\"@id\":\"https:\/\/stradaecorsa.com\/de\/#website\"},\"primaryImageOfPage\":{\"@id\":\"https:\/\/stradaecorsa.com\/de\/dreher\/#primaryimage\"},\"image\":{\"@id\":\"https:\/\/stradaecorsa.com\/de\/dreher\/#primaryimage\"},\"thumbnailUrl\":\"https:\/\/stradaecorsa.com\/wp-content\/uploads\/2021\/07\/strada-e-corsa-engineering-1.jpg\",\"datePublished\":\"2025-06-13T10:54:01+00:00\",\"dateModified\":\"2025-09-22T20:40:27+00:00\",\"breadcrumb\":{\"@id\":\"https:\/\/stradaecorsa.com\/de\/dreher\/#breadcrumb\"},\"inLanguage\":\"de\",\"potentialAction\":[{\"@type\":\"ReadAction\",\"target\":[\"https:\/\/stradaecorsa.com\/de\/dreher\/\"]}]},{\"@type\":\"ImageObject\",\"inLanguage\":\"de\",\"@id\":\"https:\/\/stradaecorsa.com\/de\/dreher\/#primaryimage\",\"url\":\"https:\/\/stradaecorsa.com\/wp-content\/uploads\/2021\/07\/strada-e-corsa-engineering-1.jpg\",\"contentUrl\":\"https:\/\/stradaecorsa.com\/wp-content\/uploads\/2021\/07\/strada-e-corsa-engineering-1.jpg\",\"width\":1024,\"height\":768},{\"@type\":\"BreadcrumbList\",\"@id\":\"https:\/\/stradaecorsa.com\/de\/dreher\/#breadcrumb\",\"itemListElement\":[{\"@type\":\"ListItem\",\"position\":1,\"name\":\"Home\",\"item\":\"https:\/\/stradaecorsa.com\/de\/\"},{\"@type\":\"ListItem\",\"position\":2,\"name\":\"Dreher\"}]},{\"@type\":\"WebSite\",\"@id\":\"https:\/\/stradaecorsa.com\/de\/#website\",\"url\":\"https:\/\/stradaecorsa.com\/de\/\",\"name\":\"Strada e Corsa\",\"description\":\"Maintenance, restoration of classic Italian cars\",\"publisher\":{\"@id\":\"https:\/\/stradaecorsa.com\/de\/#organization\"},\"potentialAction\":[{\"@type\":\"SearchAction\",\"target\":{\"@type\":\"EntryPoint\",\"urlTemplate\":\"https:\/\/stradaecorsa.com\/de\/?s={search_term_string}\"},\"query-input\":{\"@type\":\"PropertyValueSpecification\",\"valueRequired\":true,\"valueName\":\"search_term_string\"}}],\"inLanguage\":\"de\"},{\"@type\":\"Organization\",\"@id\":\"https:\/\/stradaecorsa.com\/de\/#organization\",\"name\":\"Strada e Corsa\",\"url\":\"https:\/\/stradaecorsa.com\/de\/\",\"logo\":{\"@type\":\"ImageObject\",\"inLanguage\":\"de\",\"@id\":\"https:\/\/stradaecorsa.com\/de\/#\/schema\/logo\/image\/\",\"url\":\"https:\/\/stradaecorsa.com\/wp-content\/uploads\/2021\/02\/Strada-e-corsa-logo-zwart.png\",\"contentUrl\":\"https:\/\/stradaecorsa.com\/wp-content\/uploads\/2021\/02\/Strada-e-corsa-logo-zwart.png\",\"width\":500,\"height\":33,\"caption\":\"Strada e Corsa\"},\"image\":{\"@id\":\"https:\/\/stradaecorsa.com\/de\/#\/schema\/logo\/image\/\"},\"sameAs\":[\"https:\/\/www.facebook.com\/StradaeCorsa1\",\"https:\/\/www.instagram.com\/strada_e_corsa\/\"]}]}<\/script>\n<!-- \/ Yoast SEO plugin. -->","yoast_head_json":{"title":"Dreher - Strada e Corsa","robots":{"index":"index","follow":"follow","max-snippet":"max-snippet:-1","max-image-preview":"max-image-preview:large","max-video-preview":"max-video-preview:-1"},"canonical":"https:\/\/stradaecorsa.com\/de\/dreher\/","og_locale":"de_DE","og_type":"article","og_title":"Dreher - Strada e Corsa","og_description":"[vc_row thb_divider_position=&#8220;bottom&#8220; el_class=&#8220;align-center&#8220; css=&#8220;.vc_custom_1473955780919{padding-top: 6vh !important;padding-bottom: 2vh !important;}&#8220;][vc_column animation=&#8220;animation bottom-to-top&#8220; offset=&#8220;vc_col-lg-6 vc_col-md-8&#8243;][vc_column_text]Einmalige Gelegenheit bei Strada e Corsa BV, einem Restaurierungsunternehmen f\u00fcr klassische italienische Sportwagen in Haarlem, Niederlande. Wir erweitern unser Team und suchen einen: Dreher (Vollzeit) Sind Sie ein erfahrener Handwerker mit einer Leidenschaft f\u00fcr Oldtimer? Arbeiten Sie gerne mit edlen Metallen und finden es&hellip;","og_url":"https:\/\/stradaecorsa.com\/de\/dreher\/","og_site_name":"Strada e Corsa","article_publisher":"https:\/\/www.facebook.com\/StradaeCorsa1","article_modified_time":"2025-09-22T20:40:27+00:00","og_image":[{"width":1024,"height":768,"url":"https:\/\/stradaecorsa.com\/wp-content\/uploads\/2021\/07\/strada-e-corsa-engineering-1.jpg","type":"image\/jpeg"}],"twitter_card":"summary_large_image","twitter_misc":{"Gesch\u00e4tzte Lesezeit":"3\u00a0Minuten"},"schema":{"@context":"https:\/\/schema.org","@graph":[{"@type":"WebPage","@id":"https:\/\/stradaecorsa.com\/de\/dreher\/","url":"https:\/\/stradaecorsa.com\/de\/dreher\/","name":"Dreher - Strada e Corsa","isPartOf":{"@id":"https:\/\/stradaecorsa.com\/de\/#website"},"primaryImageOfPage":{"@id":"https:\/\/stradaecorsa.com\/de\/dreher\/#primaryimage"},"image":{"@id":"https:\/\/stradaecorsa.com\/de\/dreher\/#primaryimage"},"thumbnailUrl":"https:\/\/stradaecorsa.com\/wp-content\/uploads\/2021\/07\/strada-e-corsa-engineering-1.jpg","datePublished":"2025-06-13T10:54:01+00:00","dateModified":"2025-09-22T20:40:27+00:00","breadcrumb":{"@id":"https:\/\/stradaecorsa.com\/de\/dreher\/#breadcrumb"},"inLanguage":"de","potentialAction":[{"@type":"ReadAction","target":["https:\/\/stradaecorsa.com\/de\/dreher\/"]}]},{"@type":"ImageObject","inLanguage":"de","@id":"https:\/\/stradaecorsa.com\/de\/dreher\/#primaryimage","url":"https:\/\/stradaecorsa.com\/wp-content\/uploads\/2021\/07\/strada-e-corsa-engineering-1.jpg","contentUrl":"https:\/\/stradaecorsa.com\/wp-content\/uploads\/2021\/07\/strada-e-corsa-engineering-1.jpg","width":1024,"height":768},{"@type":"BreadcrumbList","@id":"https:\/\/stradaecorsa.com\/de\/dreher\/#breadcrumb","itemListElement":[{"@type":"ListItem","position":1,"name":"Home","item":"https:\/\/stradaecorsa.com\/de\/"},{"@type":"ListItem","position":2,"name":"Dreher"}]},{"@type":"WebSite","@id":"https:\/\/stradaecorsa.com\/de\/#website","url":"https:\/\/stradaecorsa.com\/de\/","name":"Strada e Corsa","description":"Maintenance, restoration of classic Italian cars","publisher":{"@id":"https:\/\/stradaecorsa.com\/de\/#organization"},"potentialAction":[{"@type":"SearchAction","target":{"@type":"EntryPoint","urlTemplate":"https:\/\/stradaecorsa.com\/de\/?s={search_term_string}"},"query-input":{"@type":"PropertyValueSpecification","valueRequired":true,"valueName":"search_term_string"}}],"inLanguage":"de"},{"@type":"Organization","@id":"https:\/\/stradaecorsa.com\/de\/#organization","name":"Strada e Corsa","url":"https:\/\/stradaecorsa.com\/de\/","logo":{"@type":"ImageObject","inLanguage":"de","@id":"https:\/\/stradaecorsa.com\/de\/#\/schema\/logo\/image\/","url":"https:\/\/stradaecorsa.com\/wp-content\/uploads\/2021\/02\/Strada-e-corsa-logo-zwart.png","contentUrl":"https:\/\/stradaecorsa.com\/wp-content\/uploads\/2021\/02\/Strada-e-corsa-logo-zwart.png","width":500,"height":33,"caption":"Strada e Corsa"},"image":{"@id":"https:\/\/stradaecorsa.com\/de\/#\/schema\/logo\/image\/"},"sameAs":["https:\/\/www.facebook.com\/StradaeCorsa1","https:\/\/www.instagram.com\/strada_e_corsa\/"]}]}},"_links":{"self":[{"href":"https:\/\/stradaecorsa.com\/de\/wp-json\/wp\/v2\/pages\/1768","targetHints":{"allow":["GET"]}}],"collection":[{"href":"https:\/\/stradaecorsa.com\/de\/wp-json\/wp\/v2\/pages"}],"about":[{"href":"https:\/\/stradaecorsa.com\/de\/wp-json\/wp\/v2\/types\/page"}],"author":[{"embeddable":true,"href":"https:\/\/stradaecorsa.com\/de\/wp-json\/wp\/v2\/users\/1"}],"replies":[{"embeddable":true,"href":"https:\/\/stradaecorsa.com\/de\/wp-json\/wp\/v2\/comments?post=1768"}],"version-history":[{"count":7,"href":"https:\/\/stradaecorsa.com\/de\/wp-json\/wp\/v2\/pages\/1768\/revisions"}],"predecessor-version":[{"id":2923,"href":"https:\/\/stradaecorsa.com\/de\/wp-json\/wp\/v2\/pages\/1768\/revisions\/2923"}],"wp:featuredmedia":[{"embeddable":true,"href":"https:\/\/stradaecorsa.com\/de\/wp-json\/wp\/v2\/media\/1679"}],"wp:attachment":[{"href":"https:\/\/stradaecorsa.com\/de\/wp-json\/wp\/v2\/media?parent=1768"}],"curies":[{"name":"wp","href":"https:\/\/api.w.org\/{rel}","templated":true}]}}